{"id":869,"date":"2023-07-12T17:45:39","date_gmt":"2023-07-12T15:45:39","guid":{"rendered":"http:\/\/autocarsmestres.com\/demana-pressupost\/"},"modified":"2025-05-14T10:36:30","modified_gmt":"2025-05-14T08:36:30","slug":"pedir-presupuesto","status":"publish","type":"page","link":"https:\/\/autocarsmestres.com\/es\/pedir-presupuesto\/","title":{"rendered":"Pide Presupuesto"},"content":{"rendered":"\n<section class=\"wp-block-group alignfull position_relative\"><div class=\"wp-block-group__inner-container is-layout-constrained wp-block-group-is-layout-constrained\">\n<figure class=\"wp-block-image size-large logo_contact\"><img loading=\"lazy\" decoding=\"async\" width=\"910\" height=\"492\" src=\"http:\/\/autocarsmestres.com\/wp-content\/uploads\/2023\/07\/logo_contact.svg\" alt=\"\" class=\"wp-image-592\" \/><\/figure>\n<\/div><\/section>\n\n<div style=\"height:110px\" aria-hidden=\"true\" class=\"wp-block-spacer\"><\/div>\n\n\n<section  class=\"block-contactform demana_pressupost relative flex flex-col lg:flex-row bg-white \">\n\n    <div class=\"form_block mx-auto w-full max-w-7xl relative px-6 py-8 md:py-12 lg:py-20 lg:w-2\/3 p-10 md:p-12 lg:p-16 lg:pr-32\">\n        <h1 class=\"mt-2 text-2xl\">Contacte con nosotros<\/h1>\n        \n<div class=\"wpcf7 no-js\" id=\"wpcf7-f853-o1\" lang=\"es-ES\" dir=\"ltr\" data-wpcf7-id=\"853\">\n<div class=\"screen-reader-response\"><p role=\"status\" aria-live=\"polite\" aria-atomic=\"true\"><\/p> <ul><\/ul><\/div>\n<form action=\"\/es\/wp-json\/wp\/v2\/pages\/869#wpcf7-f853-o1\" method=\"post\" class=\"wpcf7-form init\" aria-label=\"Formulario de contacto\" novalidate=\"novalidate\" data-status=\"init\">\n<fieldset class=\"hidden-fields-container\"><input type=\"hidden\" name=\"_wpcf7\" value=\"853\" \/><input type=\"hidden\" name=\"_wpcf7_version\" value=\"6.1.5\" \/><input type=\"hidden\" name=\"_wpcf7_locale\" value=\"es_ES\" \/><input type=\"hidden\" name=\"_wpcf7_unit_tag\" value=\"wpcf7-f853-o1\" \/><input type=\"hidden\" name=\"_wpcf7_container_post\" value=\"0\" \/><input type=\"hidden\" name=\"_wpcf7_posted_data_hash\" value=\"\" \/><input type=\"hidden\" name=\"_wpcf7_recaptcha_response\" value=\"\" \/>\n<\/fieldset>\n<div class=\"main-contact-form-pressupost topline_title\">\n\n    <div>\n        <h3>El viaje<\/h3>\n        <div class=\"inner_form\">\n            \n            <div class=\"data-inner-form\">\n                <div>\n                <label for=\"cf-email\">fecha salida<\/label>\n                <span class=\"wpcf7-form-control-wrap\" data-name=\"cf-datasortida\"><input class=\"wpcf7-form-control wpcf7-date wpcf7-validates-as-date\" id=\"cf-datasortida\" aria-invalid=\"false\" value=\"\" type=\"date\" name=\"cf-datasortida\" \/><\/span>\n                <\/div>\n                <div>\n                <label for=\"cf-email\">fecha regreso<\/label>\n                <span class=\"wpcf7-form-control-wrap\" data-name=\"cf-datatornada\"><input class=\"wpcf7-form-control wpcf7-date wpcf7-validates-as-date\" id=\"cf-datatornada\" aria-invalid=\"false\" value=\"\" type=\"date\" name=\"cf-datatornada\" \/><\/span>\n                <\/div>\n            <\/div>\n\n            <div>\n            <label for=\"cf-email\">Lugar de Salida<\/label>\n                <span class=\"wpcf7-form-control-wrap\" data-name=\"cf-sortida\"><input size=\"40\" maxlength=\"400\" class=\"wpcf7-form-control wpcf7-text\" id=\"cf-sortida\" aria-invalid=\"false\" value=\"\" type=\"text\" name=\"cf-sortida\" \/><\/span>\n            <\/div>\n\n            <div>\n                <label for=\"cf-tel\">Lugar de destino<\/label>\n                <span class=\"wpcf7-form-control-wrap\" data-name=\"cf-desti\"><input size=\"40\" maxlength=\"400\" class=\"wpcf7-form-control wpcf7-text\" id=\"cf-desti\" aria-invalid=\"false\" value=\"\" type=\"text\" name=\"cf-desti\" \/><\/span>\n            <\/div>\n\n\n        <\/div>\n    <\/div>\n\n    <div>\n        <h3>Datos de contacto<\/h3>\n        <div class=\"inner_form\">\n            <div>\n            <label for=\"cf-name\">Nombre completo<\/label>\n            <span class=\"wpcf7-form-control-wrap\" data-name=\"cf-name\"><input size=\"40\" maxlength=\"400\" class=\"wpcf7-form-control wpcf7-text wpcf7-validates-as-required\" id=\"cf-name\" aria-required=\"true\" aria-invalid=\"false\" value=\"\" type=\"text\" name=\"cf-name\" \/><\/span>\n            <\/div>\n            <div>\n            <label for=\"cf-name\">Empresa<\/label>\n            <span class=\"wpcf7-form-control-wrap\" data-name=\"cf-name\"><input size=\"40\" maxlength=\"400\" class=\"wpcf7-form-control wpcf7-text wpcf7-validates-as-required\" aria-required=\"true\" aria-invalid=\"false\" value=\"\" type=\"text\" name=\"cf-name\" \/><\/span>\n            <\/div>\n            <div>\n            <label for=\"cf-email\">E-mail<\/label>\n            <span class=\"wpcf7-form-control-wrap\" data-name=\"cf-email\"><input size=\"40\" maxlength=\"400\" class=\"wpcf7-form-control wpcf7-email wpcf7-validates-as-required wpcf7-text wpcf7-validates-as-email\" id=\"cf-email\" aria-required=\"true\" aria-invalid=\"false\" value=\"\" type=\"email\" name=\"cf-email\" \/><\/span>\n            <\/div>\n\n            <div>\n                <label for=\"cf-tel\">Tel\u00e9fono<\/label>\n                <span class=\"wpcf7-form-control-wrap\" data-name=\"cf-tel\"><input size=\"40\" maxlength=\"400\" class=\"wpcf7-form-control wpcf7-tel wpcf7-validates-as-required wpcf7-text wpcf7-validates-as-tel\" id=\"cf-tel\" aria-required=\"true\" aria-invalid=\"false\" value=\"\" type=\"tel\" name=\"cf-tel\" \/><\/span>\n            <\/div>\n        <\/div>\n    <\/div>\n\n    <div>\n        <h3>Detalles<\/h3>\n        <div class=\"full\">\n        <label for=\"cf-comments\">Detalles e itinerario del servicio<\/label>\n        <span class=\"wpcf7-form-control-wrap\" data-name=\"cf-comments\"><textarea cols=\"40\" rows=\"10\" maxlength=\"2000\" class=\"wpcf7-form-control wpcf7-textarea wpcf7-validates-as-required\" id=\"cf-comments\" aria-required=\"true\" aria-invalid=\"false\" name=\"cf-comments\"><\/textarea><\/span>\n        <\/div>\n    <\/div>\n\n\n<\/div>\n\n<div class=\"main-contact-form-send mt-50\">\n    <div class=\"\">\n    <span class=\"wpcf7-form-control-wrap\" data-name=\"cf-acceptance\"><span class=\"wpcf7-form-control wpcf7-acceptance\"><span class=\"wpcf7-list-item\"><label><input type=\"checkbox\" name=\"cf-acceptance\" value=\"1\" id=\"cf-acceptance\" aria-invalid=\"false\" \/><span class=\"wpcf7-list-item-label\">Acepto la <a href=\"\/es\/politica-privacitat\">pol\u00edtica de privacidad<\/a><\/span><\/label><\/span><\/span><\/span>\n    <span class=\"wpcf7-form-control-wrap\" data-name=\"cf-newsletter\"><span class=\"wpcf7-form-control wpcf7-acceptance optional\"><span class=\"wpcf7-list-item\"><label><input type=\"checkbox\" name=\"cf-newsletter\" value=\"1\" id=\"cf-newsletter\" aria-invalid=\"false\" \/><span class=\"wpcf7-list-item-label\">Acepto recibir informaci\u00f3n comercial, incluso por correo electr\u00f3nico.<\/span><\/label><\/span><\/span><\/span>\n    <\/div>\n\n    <div class=\"\">\n    <input class=\"wpcf7-form-control wpcf7-submit has-spinner button-secondary\" id=\"cf-send\" type=\"submit\" value=\"Pide presupuesto\" \/>\n    <\/div>\n<\/div>\n\n\n<div class=\"full topline\">\n    <p><small>Finalitats: Respondre a les vostres sol\u00b7licituds i remetre informaci\u00f3 comercial dels nostres productes i serveis, fins i tot per correu electr\u00f2nic. Legitimaci\u00f3: Consentiment de linteressat. Destinataris: No estan previstes cessions de dades. Drets: Podeu retirar el vostre consentiment en qualsevol moment, aix\u00ed com accedir, rectificar, suprimir les vostres dades i altres drets a <a href=\"mailto:info@autocarsmestres.com\">info@autocarsmestres.com<\/a>. Informaci\u00f3 Addicional: Podeu ampliar la informaci\u00f3 a l&#8217;enlla\u00e7 de Pol\u00edtica de Privadesa. <\/small><\/p>\n<\/div><div class=\"wpcf7-response-output\" aria-hidden=\"true\"><\/div>\n<\/form>\n<\/div>\n    <\/div>\n    <div class=\"relative w-full lg:w-1\/3 min-h-[350px] img_block\">\n        <img loading=\"lazy\" decoding=\"async\" width=\"381\" height=\"834\" src=\"https:\/\/autocarsmestres.com\/wp-content\/uploads\/2023\/07\/IMG_1080-1.jpg\" class=\"absolute inset-0 object-cover w-full h-full\" alt=\"\" srcset=\"https:\/\/autocarsmestres.com\/wp-content\/uploads\/2023\/07\/IMG_1080-1.jpg 381w, https:\/\/autocarsmestres.com\/wp-content\/uploads\/2023\/07\/IMG_1080-1-219x480.jpg 219w, https:\/\/autocarsmestres.com\/wp-content\/uploads\/2023\/07\/IMG_1080-1-174x380.jpg 174w\" sizes=\"auto, (max-width: 381px) 100vw, 381px\" \/>    <\/div>\n    <img decoding=\"async\" src=\"\/wp-content\/themes\/ltw-aqua\/assets\/img\/bg_gradient.svg\" class=\" w-full absolute -z-10 bottom-[-22px] right-[-22px] \"\/>\n<\/section>\n<div style=\"height:89px\" aria-hidden=\"true\" class=\"wp-block-spacer\"><\/div>\n\n<div style=\"height:90px\" aria-hidden=\"true\" class=\"wp-block-spacer\"><\/div>\n","protected":false},"excerpt":{"rendered":"","protected":false},"author":1,"featured_media":0,"parent":0,"menu_order":0,"comment_status":"closed","ping_status":"closed","template":"","meta":{"_acf_changed":false,"footnotes":""},"class_list":["post-869","page","type-page","status-publish","hentry"],"acf":[],"_links":{"self":[{"href":"https:\/\/autocarsmestres.com\/es\/wp-json\/wp\/v2\/pages\/869","targetHints":{"allow":["GET"]}}],"collection":[{"href":"https:\/\/autocarsmestres.com\/es\/wp-json\/wp\/v2\/pages"}],"about":[{"href":"https:\/\/autocarsmestres.com\/es\/wp-json\/wp\/v2\/types\/page"}],"author":[{"embeddable":true,"href":"https:\/\/autocarsmestres.com\/es\/wp-json\/wp\/v2\/users\/1"}],"replies":[{"embeddable":true,"href":"https:\/\/autocarsmestres.com\/es\/wp-json\/wp\/v2\/comments?post=869"}],"version-history":[{"count":10,"href":"https:\/\/autocarsmestres.com\/es\/wp-json\/wp\/v2\/pages\/869\/revisions"}],"predecessor-version":[{"id":1291,"href":"https:\/\/autocarsmestres.com\/es\/wp-json\/wp\/v2\/pages\/869\/revisions\/1291"}],"wp:attachment":[{"href":"https:\/\/autocarsmestres.com\/es\/wp-json\/wp\/v2\/media?parent=869"}],"curies":[{"name":"wp","href":"https:\/\/api.w.org\/{rel}","templated":true}]}}