{"id":1456,"date":"2023-06-22T12:54:18","date_gmt":"2023-06-22T10:54:18","guid":{"rendered":"https:\/\/autocarsmestres.com\/inici\/"},"modified":"2025-07-05T09:17:56","modified_gmt":"2025-07-05T07:17:56","slug":"inicio","status":"publish","type":"page","link":"https:\/\/autocarsmestres.com\/es\/","title":{"rendered":"Inicio"},"content":{"rendered":"\r\n\r\n<!-- Section Header -->\r\n<section  class=\"block-header-section-full alignfull relative pb-12 lg:py-40\">\r\n    <div class=\"lg:absolute inset-y-0 w-full lg:w-1\/2 h-full left-0\">\r\n                    <img fetchpriority=\"high\" decoding=\"async\" width=\"960\" height=\"720\" src=\"https:\/\/autocarsmestres.com\/wp-content\/uploads\/2023\/07\/titanium2.jpg\" class=\"object-cover object-center w-full h-full\" alt=\"\" loading=\"eager\" srcset=\"https:\/\/autocarsmestres.com\/wp-content\/uploads\/2023\/07\/titanium2.jpg 960w, https:\/\/autocarsmestres.com\/wp-content\/uploads\/2023\/07\/titanium2-480x360.jpg 480w, https:\/\/autocarsmestres.com\/wp-content\/uploads\/2023\/07\/titanium2-768x576.jpg 768w, https:\/\/autocarsmestres.com\/wp-content\/uploads\/2023\/07\/titanium2-380x285.jpg 380w\" sizes=\"(max-width: 960px) 100vw, 960px\" \/>            <\/div>\r\n    <div class=\"container mx-auto px-6\">\r\n        <div class=\"flex flex-wrap -mx-8 justify-end\">\r\n            <div class=\"w-full lg:w-5\/12 px-6 pt-12 lg:pt-0\">\r\n            <img decoding=\"async\" src=\"\/wp-content\/themes\/ltw-aqua\/assets\/img\/logo_svg.svg\" loading=\"eager\" class=\"absolute -z-10 top-[-100px]\" alt=\"\" >\r\n                                                            <h1 class=\"mb-0 text-xl lg:text-5xl\">\r\n                                            Alquiler de autocares y minibuses en Tarragona                                            <\/h1>\r\n                                    \r\n                \r\n                                    <div class=\"mt-5 mb-9 leading-normal\">\r\n                        <p>M\u00e1s de 40 a\u00f1os transportando personas, con el compromiso de un viaje seguro y confortable. M\u00e1s de 3 millones de km acumulados al servicio de nuestros clientes.<\/p>\n                    <\/div>\r\n                \r\n                \r\n                    <div class=\"flex flex-wrap gap-x-5 gap-y-3\">\r\n                                                    <a href=\"https:\/\/autocarsmestres.com\/es\/contacto\/\" class=\"button-primary\">\r\n                                \u00bfQuieres viajar con nosotros?                            <\/a>\r\n                                            <\/div>\r\n\r\n                \r\n            <\/div>\r\n        <\/div>\r\n    <\/div>\r\n<\/section>\n\n\n<div class=\"wp-block-group alignfull bg-gradient\"><div class=\"wp-block-group__inner-container is-layout-constrained wp-block-group-is-layout-constrained\">\n<div style=\"height:50px\" aria-hidden=\"true\" class=\"wp-block-spacer\"><\/div>\n\n\n\n\n<section  class=\"features-list container mauto py-8 lg:py-16 flex flex-wrap -ml-4 justify-between\">\n\n    \n        \n            \n            <div class=\"w-full lg:w-1\/3 2xl:w-1\/4 px-4 mb-8\">\n\n                <img loading=\"lazy\" decoding=\"async\" width=\"48\" height=\"48\" src=\"https:\/\/autocarsmestres.com\/wp-content\/uploads\/2023\/07\/icon1.svg\" class=\"w-12 h-12 object-contain mx-auto mb-5\" alt=\"\" \/>\n                                    <h4 class=\"text-xl text-center mt-0 lg:mb-6 text-white italic \">Experiencia<\/h4>\n                \n                                    <p class=\"text-center m-0 text-white max-w-[284px] mauto\">Experiencia demostrada de tres generaciones de conductores desde 1976.<\/p>\n                \n            <\/div>\n\n        \n            \n            <div class=\"w-full lg:w-1\/3 2xl:w-1\/4 px-4 mb-8\">\n\n                <img loading=\"lazy\" decoding=\"async\" width=\"48\" height=\"48\" src=\"https:\/\/autocarsmestres.com\/wp-content\/uploads\/2023\/07\/icon2.svg\" class=\"w-12 h-12 object-contain mx-auto mb-5\" alt=\"\" \/>\n                                    <h4 class=\"text-xl text-center mt-0 lg:mb-6 text-white italic \">Confort<\/h4>\n                \n                                    <p class=\"text-center m-0 text-white max-w-[284px] mauto\">Nuestra flota cuenta con autocares de alta gama como Setra o Volvo.<\/p>\n                \n            <\/div>\n\n        \n            \n            <div class=\"w-full lg:w-1\/3 2xl:w-1\/4 px-4 mb-8\">\n\n                <img loading=\"lazy\" decoding=\"async\" width=\"48\" height=\"48\" src=\"https:\/\/autocarsmestres.com\/wp-content\/uploads\/2023\/07\/icon3.svg\" class=\"w-12 h-12 object-contain mx-auto mb-5\" alt=\"\" \/>\n                                    <h4 class=\"text-xl text-center mt-0 lg:mb-6 text-white italic \">Flexibilidad<\/h4>\n                \n                                    <p class=\"text-center m-0 text-white max-w-[284px] mauto\">Somos conscientes de que cualquier viaje puede cambiar en el \u00faltimo minuto y tenemos la experiencia y la voluntad de adaptarnos.<\/p>\n                \n            <\/div>\n\n        \n    \n<\/section>\n\n\n<div style=\"height:50px\" aria-hidden=\"true\" class=\"wp-block-spacer\"><\/div>\n<\/div><\/div>\n\n\n\n<section  class=\"block-post-type-list py-8 lg:py-20\">\n\n        <div class=\"\">\n                            <h2 class=\"mb-10 text-center\">\n                    Alquiler de autobuses con conductor                <\/h2>\n                        <div class=\"grid gap-8 lg:grid-cols-3\">\n                                                            \r\n<article class=\"post-1125 servicio type-servicio status-publish format-standard has-post-thumbnail hentry\">\r\n\r\n    <div class=\"w-full h-full relative\">\r\n\r\n        <a \r\n            href=\"https:\/\/autocarsmestres.com\/es\/servicio\/viatges-per-europa\/\" \r\n            title=\"Viajes por Europa\"\r\n            class=\"block aspect-4\/3 flex-grow-0 overflow-hidden\"\r\n        >\r\n\r\n            <img loading=\"lazy\" decoding=\"async\" width=\"480\" height=\"360\" src=\"https:\/\/autocarsmestres.com\/wp-content\/uploads\/2023\/07\/Excursions-dun-dia-480x360.jpg\" class=\"object-cover object-center w-full h-full wp-post-image\" alt=\"\" srcset=\"https:\/\/autocarsmestres.com\/wp-content\/uploads\/2023\/07\/Excursions-dun-dia-480x360.jpg 480w, https:\/\/autocarsmestres.com\/wp-content\/uploads\/2023\/07\/Excursions-dun-dia-986x740.jpg 986w, https:\/\/autocarsmestres.com\/wp-content\/uploads\/2023\/07\/Excursions-dun-dia-768x576.jpg 768w, https:\/\/autocarsmestres.com\/wp-content\/uploads\/2023\/07\/Excursions-dun-dia-380x285.jpg 380w, https:\/\/autocarsmestres.com\/wp-content\/uploads\/2023\/07\/Excursions-dun-dia.jpg 1000w\" sizes=\"auto, (max-width: 480px) 100vw, 480px\" \/>\r\n            <h3 class=\"z-50 w-4\/5 bg-gray-200 left-0 bottom-0 absolute font-bold text-gray-900 pt-4 text-base\"> Viajes por Europa<\/h3>\r\n\r\n\r\n        <\/a>\r\n\r\n    <\/div>\r\n\r\n<\/article>\r\n<article class=\"post-1118 servicio type-servicio status-publish format-standard has-post-thumbnail hentry\">\r\n\r\n    <div class=\"w-full h-full relative\">\r\n\r\n        <a \r\n            href=\"https:\/\/autocarsmestres.com\/es\/servicio\/excursiones\/\" \r\n            title=\"Excursiones de un dia\"\r\n            class=\"block aspect-4\/3 flex-grow-0 overflow-hidden\"\r\n        >\r\n\r\n            <img loading=\"lazy\" decoding=\"async\" width=\"480\" height=\"360\" src=\"https:\/\/autocarsmestres.com\/wp-content\/uploads\/2023\/07\/Viatges-per-Europa-480x360.jpg\" class=\"object-cover object-center w-full h-full wp-post-image\" alt=\"\" srcset=\"https:\/\/autocarsmestres.com\/wp-content\/uploads\/2023\/07\/Viatges-per-Europa-480x360.jpg 480w, https:\/\/autocarsmestres.com\/wp-content\/uploads\/2023\/07\/Viatges-per-Europa-986x740.jpg 986w, https:\/\/autocarsmestres.com\/wp-content\/uploads\/2023\/07\/Viatges-per-Europa-768x576.jpg 768w, https:\/\/autocarsmestres.com\/wp-content\/uploads\/2023\/07\/Viatges-per-Europa-380x285.jpg 380w, https:\/\/autocarsmestres.com\/wp-content\/uploads\/2023\/07\/Viatges-per-Europa.jpg 1000w\" sizes=\"auto, (max-width: 480px) 100vw, 480px\" \/>\r\n            <h3 class=\"z-50 w-4\/5 bg-gray-200 left-0 bottom-0 absolute font-bold text-gray-900 pt-4 text-base\"> Excursiones de un dia<\/h3>\r\n\r\n\r\n        <\/a>\r\n\r\n    <\/div>\r\n\r\n<\/article>\r\n<article class=\"post-1128 servicio type-servicio status-publish format-standard has-post-thumbnail hentry\">\r\n\r\n    <div class=\"w-full h-full relative\">\r\n\r\n        <a \r\n            href=\"https:\/\/autocarsmestres.com\/es\/servicio\/clubs-esportius\/\" \r\n            title=\"Clubes y eventos deportivos\"\r\n            class=\"block aspect-4\/3 flex-grow-0 overflow-hidden\"\r\n        >\r\n\r\n            <img loading=\"lazy\" decoding=\"async\" width=\"480\" height=\"360\" src=\"https:\/\/autocarsmestres.com\/wp-content\/uploads\/2023\/07\/autobuses-per-esdeveniments-esportius-480x360.webp\" class=\"object-cover object-center w-full h-full wp-post-image\" alt=\"\" srcset=\"https:\/\/autocarsmestres.com\/wp-content\/uploads\/2023\/07\/autobuses-per-esdeveniments-esportius-480x360.webp 480w, https:\/\/autocarsmestres.com\/wp-content\/uploads\/2023\/07\/autobuses-per-esdeveniments-esportius-986x740.webp 986w, https:\/\/autocarsmestres.com\/wp-content\/uploads\/2023\/07\/autobuses-per-esdeveniments-esportius-768x576.webp 768w, https:\/\/autocarsmestres.com\/wp-content\/uploads\/2023\/07\/autobuses-per-esdeveniments-esportius-380x285.webp 380w, https:\/\/autocarsmestres.com\/wp-content\/uploads\/2023\/07\/autobuses-per-esdeveniments-esportius-1536x1152.webp 1536w, https:\/\/autocarsmestres.com\/wp-content\/uploads\/2023\/07\/autobuses-per-esdeveniments-esportius.webp 1920w\" sizes=\"auto, (max-width: 480px) 100vw, 480px\" \/>\r\n            <h3 class=\"z-50 w-4\/5 bg-gray-200 left-0 bottom-0 absolute font-bold text-gray-900 pt-4 text-base\"> Clubes y eventos deportivos<\/h3>\r\n\r\n\r\n        <\/a>\r\n\r\n    <\/div>\r\n\r\n<\/article>\r\n<article class=\"post-1089 servicio type-servicio status-publish format-standard has-post-thumbnail hentry\">\r\n\r\n    <div class=\"w-full h-full relative\">\r\n\r\n        <a \r\n            href=\"https:\/\/autocarsmestres.com\/es\/servicio\/traslado-aeropuerto\/\" \r\n            title=\"Transfers al aeropuerto\"\r\n            class=\"block aspect-4\/3 flex-grow-0 overflow-hidden\"\r\n        >\r\n\r\n            <img loading=\"lazy\" decoding=\"async\" width=\"480\" height=\"360\" src=\"https:\/\/autocarsmestres.com\/wp-content\/uploads\/2023\/07\/autocar-transfer-aeroport-el-prat-barcelona-480x360.webp\" class=\"object-cover object-center w-full h-full wp-post-image\" alt=\"autocar setra descarregant passatgers a l&#039;andana de sortides de l&#039;aeroport el prat -barcelona\" srcset=\"https:\/\/autocarsmestres.com\/wp-content\/uploads\/2023\/07\/autocar-transfer-aeroport-el-prat-barcelona-480x360.webp 480w, https:\/\/autocarsmestres.com\/wp-content\/uploads\/2023\/07\/autocar-transfer-aeroport-el-prat-barcelona-986x740.webp 986w, https:\/\/autocarsmestres.com\/wp-content\/uploads\/2023\/07\/autocar-transfer-aeroport-el-prat-barcelona-768x576.webp 768w, https:\/\/autocarsmestres.com\/wp-content\/uploads\/2023\/07\/autocar-transfer-aeroport-el-prat-barcelona-380x285.webp 380w, https:\/\/autocarsmestres.com\/wp-content\/uploads\/2023\/07\/autocar-transfer-aeroport-el-prat-barcelona-1536x1152.webp 1536w, https:\/\/autocarsmestres.com\/wp-content\/uploads\/2023\/07\/autocar-transfer-aeroport-el-prat-barcelona.jpg 1920w\" sizes=\"auto, (max-width: 480px) 100vw, 480px\" \/>\r\n            <h3 class=\"z-50 w-4\/5 bg-gray-200 left-0 bottom-0 absolute font-bold text-gray-900 pt-4 text-base\"> Transfers al aeropuerto<\/h3>\r\n\r\n\r\n        <\/a>\r\n\r\n    <\/div>\r\n\r\n<\/article>\r\n<article class=\"post-1471 servicio type-servicio status-publish format-standard has-post-thumbnail hentry\">\r\n\r\n    <div class=\"w-full h-full relative\">\r\n\r\n        <a \r\n            href=\"https:\/\/autocarsmestres.com\/es\/servicio\/congressos-i-convencions\/\" \r\n            title=\"Congresos y convenciones\"\r\n            class=\"block aspect-4\/3 flex-grow-0 overflow-hidden\"\r\n        >\r\n\r\n            <img loading=\"lazy\" decoding=\"async\" width=\"480\" height=\"360\" src=\"https:\/\/autocarsmestres.com\/wp-content\/uploads\/2023\/07\/Congressos-i-convencions-480x360.jpg\" class=\"object-cover object-center w-full h-full wp-post-image\" alt=\"\" srcset=\"https:\/\/autocarsmestres.com\/wp-content\/uploads\/2023\/07\/Congressos-i-convencions-480x360.jpg 480w, https:\/\/autocarsmestres.com\/wp-content\/uploads\/2023\/07\/Congressos-i-convencions-986x740.jpg 986w, https:\/\/autocarsmestres.com\/wp-content\/uploads\/2023\/07\/Congressos-i-convencions-768x576.jpg 768w, https:\/\/autocarsmestres.com\/wp-content\/uploads\/2023\/07\/Congressos-i-convencions-380x285.jpg 380w, https:\/\/autocarsmestres.com\/wp-content\/uploads\/2023\/07\/Congressos-i-convencions.jpg 1000w\" sizes=\"auto, (max-width: 480px) 100vw, 480px\" \/>\r\n            <h3 class=\"z-50 w-4\/5 bg-gray-200 left-0 bottom-0 absolute font-bold text-gray-900 pt-4 text-base\"> Congresos y convenciones<\/h3>\r\n\r\n\r\n        <\/a>\r\n\r\n    <\/div>\r\n\r\n<\/article>            <\/div>\n\n                            <div class=\"text-center\">\n                    <a href=\"https:\/\/autocarsmestres.com\/es\/servicio\/\" class=\"button-primary mt-20\">\n                        Ver todos los servicios                    <\/a>\n                <\/div>\n            \n\n        <\/div>\n\n<\/section>\n\n\n<div style=\"height:88px\" aria-hidden=\"true\" class=\"wp-block-spacer\"><\/div>\n\n\n\n<pre class=\"ti-widget\"><template id=\"trustindex-google-widget-html\"><div class=\" ti-widget  ti-goog ti-review-text-mode-readmore ti-text-align-left\" data-no-translation=\"true\" data-time-locale=\"%d %s ago|today|day|days|week|weeks|month|months|year|years\" data-plugin-version=\"13.2.8\" data-layout-id=\"4\" data-layout-category=\"slider\" data-set-id=\"light-background\" data-pid=\"\" data-language=\"en\" data-close-locale=\"Close\" data-review-target-width=\"300\" data-css-version=\"2\" data-reply-by-locale=\"Owner's reply\" data-only-rating-locale=\"This user only left a rating.\" data-pager-autoplay-timeout=\"6\"> <div class=\"ti-widget-container ti-col-3\"> <div class=\"ti-reviews-container\"> <div class=\"ti-controls\"> <div class=\"ti-next\" aria-label=\"Next review\" role=\"button\" tabindex=\"0\"><\/div> <div class=\"ti-prev\" aria-label=\"Previous review\" role=\"button\" tabindex=\"0\"><\/div> <\/div> <div class=\"ti-reviews-container-wrapper\">  <div data-empty=\"0\" data-time=\"1750982400\" class=\"ti-review-item source-Google ti-image-layout-thumbnail\" data-id=\"cfcd208495d565ef66e7dff9f98764da\"> <div class=\"ti-inner\"> <div class=\"ti-review-header\"> <div class=\"ti-platform-icon ti-with-tooltip\"> <span class=\"ti-tooltip\">Posted on <\/span> <trustindex-image data-imgurl=\"https:\/\/cdn.trustindex.io\/assets\/platform\/Google\/icon.svg\" alt=\"\" width=\"20\" height=\"20\" loading=\"lazy\"><\/trustindex-image> <\/div> <div class=\"ti-profile-img\"> <trustindex-image data-imgurl=\"https:\/\/lh3.googleusercontent.com\/a-\/ALV-UjWneHdvYJiAJ2vFmp5LsbrOdFx8qdhHBBgv1k3nFYg6sMwO4O0s=w40-h40-c-rp-mo-ba3-br100\" alt=\"Andriy Rysin profile picture\" loading=\"lazy\"><\/trustindex-image> <\/div> <div class=\"ti-profile-details\"> <div class=\"ti-name\"> Andriy Rysin <\/div> <div class=\"ti-date\"><\/div> <\/div> <\/div> <span class=\"ti-stars\"><trustindex-image class=\"ti-star\" data-imgurl=\"https:\/\/cdn.trustindex.io\/assets\/platform\/Google\/star\/f.svg\" alt=\"Google\" width=\"17\" height=\"17\" loading=\"lazy\"><\/trustindex-image><trustindex-image class=\"ti-star\" data-imgurl=\"https:\/\/cdn.trustindex.io\/assets\/platform\/Google\/star\/f.svg\" alt=\"Google\" width=\"17\" height=\"17\" loading=\"lazy\"><\/trustindex-image><trustindex-image class=\"ti-star\" data-imgurl=\"https:\/\/cdn.trustindex.io\/assets\/platform\/Google\/star\/f.svg\" alt=\"Google\" width=\"17\" height=\"17\" loading=\"lazy\"><\/trustindex-image><trustindex-image class=\"ti-star\" data-imgurl=\"https:\/\/cdn.trustindex.io\/assets\/platform\/Google\/star\/f.svg\" alt=\"Google\" width=\"17\" height=\"17\" loading=\"lazy\"><\/trustindex-image><trustindex-image class=\"ti-star\" data-imgurl=\"https:\/\/cdn.trustindex.io\/assets\/platform\/Google\/star\/f.svg\" alt=\"Google\" width=\"17\" height=\"17\" loading=\"lazy\"><\/trustindex-image><span class=\"ti-verified-review ti-verified-platform\"><span class=\"ti-verified-tooltip\">Trustindex verifies that the original source of the review is Google.<\/span><\/span><\/span> <div class=\"ti-review-text-container ti-review-content\"><!-- R-CONTENT -->Very good service. Friendly driver, clean bus, always on time.<!-- R-CONTENT --><\/div> <span class=\"ti-read-more\" data-container=\".ti-review-content\" data-collapse-text=\"Hide\" data-open-text=\"Read more\"><\/span> <\/div> <\/div>  <div data-empty=\"0\" data-time=\"1750982400\" class=\"ti-review-item source-Google ti-image-layout-thumbnail\" data-id=\"cfcd208495d565ef66e7dff9f98764da\"> <div class=\"ti-inner\"> <div class=\"ti-review-header\"> <div class=\"ti-platform-icon ti-with-tooltip\"> <span class=\"ti-tooltip\">Posted on <\/span> <trustindex-image data-imgurl=\"https:\/\/cdn.trustindex.io\/assets\/platform\/Google\/icon.svg\" alt=\"\" width=\"20\" height=\"20\" loading=\"lazy\"><\/trustindex-image> <\/div> <div class=\"ti-profile-img\"> <trustindex-image data-imgurl=\"https:\/\/lh3.googleusercontent.com\/a\/ACg8ocJcTowa40culj_5dpG597Ej1ezNabtcUYb8cFw0dmaUMjdfzw=w40-h40-c-rp-mo-ba2-br100\" alt=\"Grace Selicatoj profile picture\" loading=\"lazy\"><\/trustindex-image> <\/div> <div class=\"ti-profile-details\"> <div class=\"ti-name\"> Grace Selicatoj <\/div> <div class=\"ti-date\"><\/div> <\/div> <\/div> <span class=\"ti-stars\"><trustindex-image class=\"ti-star\" data-imgurl=\"https:\/\/cdn.trustindex.io\/assets\/platform\/Google\/star\/f.svg\" alt=\"Google\" width=\"17\" height=\"17\" loading=\"lazy\"><\/trustindex-image><trustindex-image class=\"ti-star\" data-imgurl=\"https:\/\/cdn.trustindex.io\/assets\/platform\/Google\/star\/f.svg\" alt=\"Google\" width=\"17\" height=\"17\" loading=\"lazy\"><\/trustindex-image><trustindex-image class=\"ti-star\" data-imgurl=\"https:\/\/cdn.trustindex.io\/assets\/platform\/Google\/star\/f.svg\" alt=\"Google\" width=\"17\" height=\"17\" loading=\"lazy\"><\/trustindex-image><trustindex-image class=\"ti-star\" data-imgurl=\"https:\/\/cdn.trustindex.io\/assets\/platform\/Google\/star\/f.svg\" alt=\"Google\" width=\"17\" height=\"17\" loading=\"lazy\"><\/trustindex-image><trustindex-image class=\"ti-star\" data-imgurl=\"https:\/\/cdn.trustindex.io\/assets\/platform\/Google\/star\/f.svg\" alt=\"Google\" width=\"17\" height=\"17\" loading=\"lazy\"><\/trustindex-image><span class=\"ti-verified-review ti-verified-platform\"><span class=\"ti-verified-tooltip\">Trustindex verifies that the original source of the review is Google.<\/span><\/span><\/span> <div class=\"ti-review-text-container ti-review-content\"><!-- R-CONTENT -->Fant\u00e1stico el servicio profesional de Genis.  Supero nuestra expectativa.  Con un grupo de 29 personas, nos manejo con puntualidad, paciencia, respecto,  y amabilidad.  El minibus impecable, nuevo, y muy c\u00f3modo.  Muy altamente recomendado!<!-- R-CONTENT --><\/div> <span class=\"ti-read-more\" data-container=\".ti-review-content\" data-collapse-text=\"Hide\" data-open-text=\"Read more\"><\/span> <\/div> <\/div>  <div data-empty=\"0\" data-time=\"1750896000\" class=\"ti-review-item source-Google ti-image-layout-thumbnail\" data-id=\"cfcd208495d565ef66e7dff9f98764da\"> <div class=\"ti-inner\"> <div class=\"ti-review-header\"> <div class=\"ti-platform-icon ti-with-tooltip\"> <span class=\"ti-tooltip\">Posted on <\/span> <trustindex-image data-imgurl=\"https:\/\/cdn.trustindex.io\/assets\/platform\/Google\/icon.svg\" alt=\"\" width=\"20\" height=\"20\" loading=\"lazy\"><\/trustindex-image> <\/div> <div class=\"ti-profile-img\"> <trustindex-image data-imgurl=\"https:\/\/lh3.googleusercontent.com\/a\/ACg8ocLM4Yv5WHD9BHfqXSeYlep19giPGOE28sxZjQlZPJEd8fBzLg=w40-h40-c-rp-mo-br100\" alt=\"ana henry profile picture\" loading=\"lazy\"><\/trustindex-image> <\/div> <div class=\"ti-profile-details\"> <div class=\"ti-name\"> ana henry <\/div> <div class=\"ti-date\"><\/div> <\/div> <\/div> <span class=\"ti-stars\"><trustindex-image class=\"ti-star\" data-imgurl=\"https:\/\/cdn.trustindex.io\/assets\/platform\/Google\/star\/f.svg\" alt=\"Google\" width=\"17\" height=\"17\" loading=\"lazy\"><\/trustindex-image><trustindex-image class=\"ti-star\" data-imgurl=\"https:\/\/cdn.trustindex.io\/assets\/platform\/Google\/star\/f.svg\" alt=\"Google\" width=\"17\" height=\"17\" loading=\"lazy\"><\/trustindex-image><trustindex-image class=\"ti-star\" data-imgurl=\"https:\/\/cdn.trustindex.io\/assets\/platform\/Google\/star\/f.svg\" alt=\"Google\" width=\"17\" height=\"17\" loading=\"lazy\"><\/trustindex-image><trustindex-image class=\"ti-star\" data-imgurl=\"https:\/\/cdn.trustindex.io\/assets\/platform\/Google\/star\/f.svg\" alt=\"Google\" width=\"17\" height=\"17\" loading=\"lazy\"><\/trustindex-image><trustindex-image class=\"ti-star\" data-imgurl=\"https:\/\/cdn.trustindex.io\/assets\/platform\/Google\/star\/f.svg\" alt=\"Google\" width=\"17\" height=\"17\" loading=\"lazy\"><\/trustindex-image><span class=\"ti-verified-review ti-verified-platform\"><span class=\"ti-verified-tooltip\">Trustindex verifies that the original source of the review is Google.<\/span><\/span><\/span> <div class=\"ti-review-text-container ti-review-content\"><!-- R-CONTENT -->Un tracte molt amable.  L\u2019autocar molt nou i net. El conductor molt professional i amable.<!-- R-CONTENT --><\/div> <span class=\"ti-read-more\" data-container=\".ti-review-content\" data-collapse-text=\"Hide\" data-open-text=\"Read more\"><\/span> <\/div> <\/div>  <\/div> <div class=\"ti-controls-line\"> <div class=\"dot\"><\/div> <\/div> <\/div>    <\/div> <\/div> <\/template><\/pre><div data-src=\"https:\/\/cdn.trustindex.io\/loader.js?wp-widget\" data-template-id=\"trustindex-google-widget-html\" data-css-url=\"https:\/\/autocarsmestres.com\/wp-content\/uploads\/trustindex-google-widget.css?1773992348\"><\/div> \n\n\n\n<div style=\"height:88px\" aria-hidden=\"true\" class=\"wp-block-spacer\"><\/div>\n\n\n\n<div class=\"wp-block-group bg-gradient\"><div class=\"wp-block-group__inner-container is-layout-constrained wp-block-group-is-layout-constrained\">\n<section  class=\"block-nosaltres-section bg-gradient-nosaltres pt-0 py-8 md:py-12 lg:py-20 grid gap-8 lg:grid-cols-2 lg:items-center\">\n    \n    <div class=\"lg:max-w-[605px]\">\n                    <img loading=\"lazy\" decoding=\"async\" width=\"1920\" height=\"1440\" src=\"https:\/\/autocarsmestres.com\/wp-content\/uploads\/2023\/07\/Ebro-primer-Autocar-de-Mestres.webp\" class=\"w-full h-full object-cover object-center relative\" alt=\"\" srcset=\"https:\/\/autocarsmestres.com\/wp-content\/uploads\/2023\/07\/Ebro-primer-Autocar-de-Mestres.webp 1920w, https:\/\/autocarsmestres.com\/wp-content\/uploads\/2023\/07\/Ebro-primer-Autocar-de-Mestres-480x360.webp 480w, https:\/\/autocarsmestres.com\/wp-content\/uploads\/2023\/07\/Ebro-primer-Autocar-de-Mestres-986x740.webp 986w, https:\/\/autocarsmestres.com\/wp-content\/uploads\/2023\/07\/Ebro-primer-Autocar-de-Mestres-768x576.webp 768w, https:\/\/autocarsmestres.com\/wp-content\/uploads\/2023\/07\/Ebro-primer-Autocar-de-Mestres-380x285.webp 380w, https:\/\/autocarsmestres.com\/wp-content\/uploads\/2023\/07\/Ebro-primer-Autocar-de-Mestres-1536x1152.webp 1536w\" sizes=\"auto, (max-width: 1920px) 100vw, 1920px\" \/>            <\/div>\n\n    <div class=\"lg:max-w-[605px] text-center text-white px-6 lg:px-0\">\n                    <img loading=\"lazy\" decoding=\"async\" width=\"116\" height=\"63\" src=\"https:\/\/autocarsmestres.com\/wp-content\/uploads\/2023\/07\/logo2.svg\" class=\"w-full object-cover object-center relative max-w-[116px] h-auto m-auto mb-8\" alt=\"\" \/>                                            <h2 class=\"mb-0 text-white\">\n                            Sobre Nosotros                            <\/h2>\n                    \n        \n                    <div class=\"mt-5 mb-9 leading-normal text-center text-white\">\n                <p>Autocars Mestres somos una empresa dedicada al transporte de viajeros desde el a\u00f1o 1976. Nuestros conductores tienen una amplia experiencia en el mundo del transporte de viajeros, especialmente en viajes por Europa pero tambi\u00e9n en traslados por Catalu\u00f1a. Somos muy estrictos en el cumplimiento de los descansos y horas de conducci\u00f3n que marca la ley.<\/p>\n<p>Durante nuestros a\u00f1os de experiencia siempre nos ha preocupado el servicio al viajero, procurando tener los autocares en las mejores condiciones. Siempre hemos estado a la vanguardia renovando constantemente la flota de autocares y pendientes de las novedades en cuanto a seguridad y confort.<\/p>\n            <\/div>\n        \n        \n            <div class=\"flex flex-wrap gap-x-5 gap-y-3 text-center text-white justify-center\">\n                                    <a href=\"https:\/\/autocarsmestres.com\/es\/contacto\/\" class=\"button-white\">\n                        Contactar                    <\/a>\n                            <\/div>\n\n        \n    <\/div>\n\n<\/section><\/div><\/div>\n\n\n\n<div style=\"height:88px\" aria-hidden=\"true\" class=\"wp-block-spacer\"><\/div>\n","protected":false},"excerpt":{"rendered":"","protected":false},"author":1,"featured_media":0,"parent":0,"menu_order":0,"comment_status":"closed","ping_status":"closed","template":"","meta":{"_acf_changed":false,"footnotes":""},"class_list":["post-1456","page","type-page","status-publish","hentry"],"acf":[],"_links":{"self":[{"href":"https:\/\/autocarsmestres.com\/es\/wp-json\/wp\/v2\/pages\/1456","targetHints":{"allow":["GET"]}}],"collection":[{"href":"https:\/\/autocarsmestres.com\/es\/wp-json\/wp\/v2\/pages"}],"about":[{"href":"https:\/\/autocarsmestres.com\/es\/wp-json\/wp\/v2\/types\/page"}],"author":[{"embeddable":true,"href":"https:\/\/autocarsmestres.com\/es\/wp-json\/wp\/v2\/users\/1"}],"replies":[{"embeddable":true,"href":"https:\/\/autocarsmestres.com\/es\/wp-json\/wp\/v2\/comments?post=1456"}],"version-history":[{"count":2,"href":"https:\/\/autocarsmestres.com\/es\/wp-json\/wp\/v2\/pages\/1456\/revisions"}],"predecessor-version":[{"id":1469,"href":"https:\/\/autocarsmestres.com\/es\/wp-json\/wp\/v2\/pages\/1456\/revisions\/1469"}],"wp:attachment":[{"href":"https:\/\/autocarsmestres.com\/es\/wp-json\/wp\/v2\/media?parent=1456"}],"curies":[{"name":"wp","href":"https:\/\/api.w.org\/{rel}","templated":true}]}}