{"id":1169,"date":"2023-07-11T14:17:12","date_gmt":"2023-07-11T12:17:12","guid":{"rendered":"https:\/\/autocarsmestres.com\/flota\/"},"modified":"2025-07-16T16:05:44","modified_gmt":"2025-07-16T14:05:44","slug":"flota","status":"publish","type":"page","link":"https:\/\/autocarsmestres.com\/es\/flota\/","title":{"rendered":"Flota"},"content":{"rendered":"\n<div class=\"wp-block-group alignfull bg-gradient header_flota\"><div class=\"wp-block-group__inner-container is-layout-constrained wp-block-group-is-layout-constrained\">\n<div style=\"height:100px\" aria-hidden=\"true\" class=\"wp-block-spacer flota_gap1\"><\/div>\n\n\n\n<div class=\"wp-block-group flota_header_title mauto\"><div class=\"wp-block-group__inner-container is-layout-constrained wp-block-group-is-layout-constrained\">\n<h1 class=\"wp-block-heading\">Nuestra flota<\/h1>\n\n\n\n<p class=\"has-white-color has-text-color\">Consulta la flota de Autocares y Minibuses con conductor disponibles para alquilar. Disponemos de minibuses de 29 plazas hasta un doble eje de 60, para que nos podamos adaptar a sus necesidades.<\/p>\n<\/div><\/div>\n\n\n\n<div style=\"height:230px\" aria-hidden=\"true\" class=\"wp-block-spacer flota_gap2\"><\/div>\n<\/div><\/div>\n\n\n\n<section  class=\"block-img-section first_section has-background has-white-background-color mb-10 lg:my-5 lg:gap-40 p-0 md:p-12 lg:p-16 grid gap-0 lg:grid-cols-2 lg:items-center\">\n    \n    <div class=\" lg:order-2\">\n                    <img loading=\"lazy\" decoding=\"async\" width=\"1920\" height=\"1175\" src=\"https:\/\/autocarsmestres.com\/wp-content\/uploads\/2025\/02\/man-lions-coach-2025-autocars-mestres.webp\" class=\"w-full h-full object-cover object-center\" alt=\"man lions coach 2025 autocars mestres\" srcset=\"https:\/\/autocarsmestres.com\/wp-content\/uploads\/2025\/02\/man-lions-coach-2025-autocars-mestres.webp 1920w, https:\/\/autocarsmestres.com\/wp-content\/uploads\/2025\/02\/man-lions-coach-2025-autocars-mestres-480x294.webp 480w, https:\/\/autocarsmestres.com\/wp-content\/uploads\/2025\/02\/man-lions-coach-2025-autocars-mestres-986x603.webp 986w, https:\/\/autocarsmestres.com\/wp-content\/uploads\/2025\/02\/man-lions-coach-2025-autocars-mestres-768x470.webp 768w, https:\/\/autocarsmestres.com\/wp-content\/uploads\/2025\/02\/man-lions-coach-2025-autocars-mestres-380x233.webp 380w, https:\/\/autocarsmestres.com\/wp-content\/uploads\/2025\/02\/man-lions-coach-2025-autocars-mestres-1536x940.webp 1536w\" sizes=\"auto, (max-width: 1920px) 100vw, 1920px\" \/>            <\/div>\n\n    <div class=\"lg:max-w-[605px] p-6\">\n    \n                                    <h2 class=\"mb-0\">\n                            59 plazas                            <\/h2>\n                    \n                    <p class=\"m-0 text-2xl\">\n                MAN Lion&#8217;s Coach C 2025            <\/p>\n        \n                    <div class=\"mt-7 mb-9 leading-normal\">\n                <ul>\n<li>Autocar turismo de 59 plazas para pasajeros, m\u00e1s gu\u00eda y conductor<\/li>\n<li>Nevera<\/li>\n<li>Vidrios oscurecidos<\/li>\n<li>Reposapies<\/li>\n<li>Reposabrazos incluso en medio de las butacas<\/li>\n<li>Butacas regulables<\/li>\n<li>Salidas de aire y luces de lectura individuales<\/li>\n<li>Puntos de carga individuales con USB A+ USB C<\/li>\n<li>Cinturones de tres puntos con dos posiciones: ni\u00f1o y adulto<\/li>\n<li>Suspensi\u00f3n neum\u00e1tica delantera y trasera con regulaci\u00f3n para facilitar la subida y bajada de pasajeros<\/li>\n<\/ul>\n            <\/div>\n        \n        \n    <\/div>\n\n<\/section>\n\n\n<section  class=\"block-img-section has-background has-white-background-color mb-10 lg:my-5 lg:gap-40 p-0 md:p-12 lg:p-16 grid gap-0 lg:grid-cols-2 lg:items-center\">\n    \n    <div class=\" lg:order-2\">\n                    <img loading=\"lazy\" decoding=\"async\" width=\"1000\" height=\"750\" src=\"https:\/\/autocarsmestres.com\/wp-content\/uploads\/2023\/07\/Transfers-a-laeroport.jpg\" class=\"w-full h-full object-cover object-center\" alt=\"\" srcset=\"https:\/\/autocarsmestres.com\/wp-content\/uploads\/2023\/07\/Transfers-a-laeroport.jpg 1000w, https:\/\/autocarsmestres.com\/wp-content\/uploads\/2023\/07\/Transfers-a-laeroport-480x360.jpg 480w, https:\/\/autocarsmestres.com\/wp-content\/uploads\/2023\/07\/Transfers-a-laeroport-986x740.jpg 986w, https:\/\/autocarsmestres.com\/wp-content\/uploads\/2023\/07\/Transfers-a-laeroport-768x576.jpg 768w, https:\/\/autocarsmestres.com\/wp-content\/uploads\/2023\/07\/Transfers-a-laeroport-380x285.jpg 380w\" sizes=\"auto, (max-width: 1000px) 100vw, 1000px\" \/>            <\/div>\n\n    <div class=\"lg:max-w-[605px] p-6\">\n    \n                                    <h2 class=\"mb-0\">\n                            62 plazas                            <\/h2>\n                    \n                    <p class=\"m-0 text-2xl\">\n                Volvo Noge Titanium            <\/p>\n        \n                    <div class=\"mt-7 mb-9 leading-normal\">\n                <ul>\n<li>Autocar turismo de 62 plazas para pasajeros, m\u00e1s gu\u00eda y conductor<\/li>\n<li>Nevera<\/li>\n<li>Lavabo<\/li>\n<li>Vidrios oscurecidos<\/li>\n<li>Reposapi\u00e9s con niveles<\/li>\n<li>Reposabrazos<\/li>\n<li>Butacas con un espacio amplio regulables<\/li>\n<li>Salidas de aire y luces de lectura individual<\/li>\n<li>Suspensi\u00f3n neum\u00e1tica delantera y trasera con regulaci\u00f3n para facilitar la subida y bajada de pasajeros<\/li>\n<li>Eje trasero direccional<\/li>\n<\/ul>\n            <\/div>\n        \n        \n    <\/div>\n\n<\/section>\n\n\n<section  class=\"block-img-section has-background has-white-background-color mb-10 lg:my-5 lg:gap-40 p-0 md:p-12 lg:p-16 grid gap-0 lg:grid-cols-2 lg:items-center\">\n    \n    <div class=\" lg:order-2\">\n                    <img loading=\"lazy\" decoding=\"async\" width=\"1600\" height=\"1200\" src=\"https:\/\/autocarsmestres.com\/wp-content\/uploads\/2025\/04\/iveco-unvi-30-places-autocars-mestres.webp\" class=\"w-full h-full object-cover object-center\" alt=\"iveco unvi 30 places autocars mestres\" srcset=\"https:\/\/autocarsmestres.com\/wp-content\/uploads\/2025\/04\/iveco-unvi-30-places-autocars-mestres.webp 1600w, https:\/\/autocarsmestres.com\/wp-content\/uploads\/2025\/04\/iveco-unvi-30-places-autocars-mestres-480x360.webp 480w, https:\/\/autocarsmestres.com\/wp-content\/uploads\/2025\/04\/iveco-unvi-30-places-autocars-mestres-986x740.webp 986w, https:\/\/autocarsmestres.com\/wp-content\/uploads\/2025\/04\/iveco-unvi-30-places-autocars-mestres-768x576.webp 768w, https:\/\/autocarsmestres.com\/wp-content\/uploads\/2025\/04\/iveco-unvi-30-places-autocars-mestres-380x285.webp 380w, https:\/\/autocarsmestres.com\/wp-content\/uploads\/2025\/04\/iveco-unvi-30-places-autocars-mestres-1536x1152.webp 1536w\" sizes=\"auto, (max-width: 1600px) 100vw, 1600px\" \/>            <\/div>\n\n    <div class=\"lg:max-w-[605px] p-6\">\n    \n                                    <h2 class=\"mb-0\">\n                            Minibus de 29 plazas                            <\/h2>\n                    \n                    <p class=\"m-0 text-2xl\">\n                Unvi Compa            <\/p>\n        \n                    <div class=\"mt-7 mb-9 leading-normal\">\n                <ul>\n<li>Minibus de 29 plazas para pasajeros, m\u00e1s gu\u00eda y conductor<\/li>\n<li>Vidrios oscurecidos<\/li>\n<li>Reposapies<\/li>\n<li>Reposabrazos<\/li>\n<li>Butacas con un espacio amplio regulables<\/li>\n<li>Salidas de aire y luces de lectura individual<\/li>\n<li>Gran capacidad de maletero sin sacrificar espacio para pasajeros<\/li>\n<\/ul>\n            <\/div>\n        \n        \n    <\/div>\n\n<\/section>\n\n\n<div class=\"wp-block-group alignfull bg-gradient header_flota\"><div class=\"wp-block-group__inner-container is-layout-constrained wp-block-group-is-layout-constrained\">\n<div style=\"height:100px\" aria-hidden=\"true\" class=\"wp-block-spacer flota_gap1\"><\/div>\n\n\n\n<div class=\"wp-block-group flota_header_title mauto\"><div class=\"wp-block-group__inner-container is-layout-constrained wp-block-group-is-layout-constrained\">\n<p class=\"has-white-color has-text-color\">Durante los m\u00e1s de 40 a\u00f1os de trayectoria, hemos podido presenciar la evoluci\u00f3n de los veh\u00edculos por pasajeros, empezando en autocares de 90 caballos y con frenos de tambor, pasando por los primeros con aire acondicionado y con motores turbo, hasta los actuales con una eficiencia y baja sonoridad nunca vistos. Millones de kil\u00f3metros de servicios acumulados transportando clientes nos avalan.<\/p>\n<\/div><\/div>\n\n\n\n<div style=\"height:230px\" aria-hidden=\"true\" class=\"wp-block-spacer flota_gap2\"><\/div>\n<\/div><\/div>\n\n\n\n<p><\/p>\n","protected":false},"excerpt":{"rendered":"<p>Nuestra flota Consulta la flota de Autocares y Minibuses con conductor disponibles para alquilar. Disponemos de minibuses de 29 plazas hasta un doble eje de 60, para que nos podamos adaptar a sus necesidades. Durante los m\u00e1s de 40 a\u00f1os de trayectoria, hemos podido presenciar la evoluci\u00f3n de los veh\u00edculos por pasajeros, empezando en autocares [&hellip;]<\/p>\n","protected":false},"author":1,"featured_media":0,"parent":0,"menu_order":0,"comment_status":"closed","ping_status":"closed","template":"","meta":{"_acf_changed":false,"footnotes":""},"class_list":["post-1169","page","type-page","status-publish","hentry"],"acf":[],"_links":{"self":[{"href":"https:\/\/autocarsmestres.com\/es\/wp-json\/wp\/v2\/pages\/1169","targetHints":{"allow":["GET"]}}],"collection":[{"href":"https:\/\/autocarsmestres.com\/es\/wp-json\/wp\/v2\/pages"}],"about":[{"href":"https:\/\/autocarsmestres.com\/es\/wp-json\/wp\/v2\/types\/page"}],"author":[{"embeddable":true,"href":"https:\/\/autocarsmestres.com\/es\/wp-json\/wp\/v2\/users\/1"}],"replies":[{"embeddable":true,"href":"https:\/\/autocarsmestres.com\/es\/wp-json\/wp\/v2\/comments?post=1169"}],"version-history":[{"count":30,"href":"https:\/\/autocarsmestres.com\/es\/wp-json\/wp\/v2\/pages\/1169\/revisions"}],"predecessor-version":[{"id":1475,"href":"https:\/\/autocarsmestres.com\/es\/wp-json\/wp\/v2\/pages\/1169\/revisions\/1475"}],"wp:attachment":[{"href":"https:\/\/autocarsmestres.com\/es\/wp-json\/wp\/v2\/media?parent=1169"}],"curies":[{"name":"wp","href":"https:\/\/api.w.org\/{rel}","templated":true}]}}